{"id":4515,"date":"2022-09-01T18:07:51","date_gmt":"2022-09-01T16:07:51","guid":{"rendered":"https:\/\/recodhorg.local\/?page_id=4515"},"modified":"2022-09-07T12:18:49","modified_gmt":"2022-09-07T10:18:49","slug":"instruments-internationaux","status":"publish","type":"page","link":"https:\/\/recodh.org\/index.php\/instruments\/instruments-internationaux\/","title":{"rendered":"Instruments internationaux"},"content":{"rendered":"<div class=\"wpb-content-wrapper\"><p>[vc_row css=\u00a0\u00bb.vc_custom_1662385201860{margin-top: -80px !important;}\u00a0\u00bb][vc_column][vc_row_inner][vc_column_inner][vc_text_separator title=\u00a0\u00bbINSTRUMENTS INTERNATIONAUX DES DROITS DE L&rsquo;HOMME\u00a0\u00bb][\/vc_column_inner][\/vc_row_inner][vc_row_inner][vc_column_inner][vc_column_text]<span style=\"color: #000000;\">Les instruments internationaux des droits de l\u2019homme sont constitu\u00e9s de l\u2019ensemble des trait\u00e9s ratifi\u00e9s par les Etats membres de l\u2019ONU. Chacun de ces trait\u00e9s a cr\u00e9\u00e9 un comit\u00e9 d&rsquo;experts charg\u00e9 de surveiller l&rsquo;application des dispositions du trait\u00e9 par les \u00c9tats parties. Certains des trait\u00e9s sont compl\u00e9t\u00e9s par des protocoles facultatifs touchant \u00e0 des\u00a0pr\u00e9occupations sp\u00e9cifiques, alors que le Protocole facultatif se rapportant \u00e0 la Convention contre la torture et autres peines et traitements cruels, inhumains ou d\u00e9gradants \u00e9tablit un comit\u00e9 d&rsquo;experts.<\/span><\/p>\n<p><span style=\"color: #000000;\">Liens\u00a0:\u00a0<a style=\"color: #000000;\" href=\"http:\/\/www.ohchr.org\/FR\/ProfessionalInterest\/Pages\/CoreInstruments.aspx\">http:\/\/www.ohchr.org\/FR\/ProfessionalInterest\/Pages\/CoreInstruments.aspx<\/a><\/span><\/p>\n<p>&nbsp;<\/p>\n<p><span style=\"color: #000000;\">[wpdatatable id=9 table_view=regular]<\/span>[\/vc_column_text][\/vc_column_inner][\/vc_row_inner][vc_row_inner css=\u00a0\u00bb.vc_custom_1662544289960{margin-top: 10px !important;}\u00a0\u00bb][vc_column_inner css=\u00a0\u00bb.vc_custom_1660824526975{border-radius: 1px !important;}\u00a0\u00bb][vc_column_text]<\/p>\n<h2 style=\"text-align: center;\">Organes des droits de l\u2019homme dans le syst\u00e8me des nations unies<\/h2>\n<p><span style=\"color: #000000;\">Le syst\u00e8me des nations unies en mati\u00e8re des droits de l\u2019homme comporte deux principaux types d\u2019organes pour traiter les droits de l\u2019homme\u00a0: les organes de la charte, cr\u00e9\u00e9s conform\u00e9ment \u00e0 la Charte de l\u2019ONU et les organes de Trait\u00e9s rattach\u00e9s aux diff\u00e9rents de trait\u00e9s.<\/span>[\/vc_column_text][\/vc_column_inner][\/vc_row_inner][vc_text_separator title=\u00a0\u00bbORGANES DE LA CHARTE\u00a0\u00bb css=\u00a0\u00bb.vc_custom_1662544260666{margin-top: 20px !important;margin-bottom: 20px !important;border-bottom-width: 10px !important;}\u00a0\u00bb][vc_row_inner][vc_column_inner css=\u00a0\u00bb.vc_custom_1660824526975{border-radius: 1px !important;}\u00a0\u00bb][vc_column_text]<span style=\"color: #000000;\">[wpdatatable id=10 table_view=regular]<\/span>[\/vc_column_text][\/vc_column_inner][\/vc_row_inner][\/vc_column][\/vc_row][vc_row css=\u00a0\u00bb.vc_custom_1662385201860{margin-top: -80px !important;}\u00a0\u00bb][vc_column][vc_row_inner][vc_column_inner][vc_text_separator title=\u00a0\u00bbORGANES DE TRAITES\u00a0\u00bb][\/vc_column_inner][\/vc_row_inner][vc_row_inner][vc_column_inner][vc_column_text]<span style=\"color: #000000;\">Il y a\u00a0neuf organes de trait\u00e9s sur les droits de l\u2019homme qui surveillent la mise en \u0153uvre des principaux trait\u00e9s internationaux des droits de l\u2019homme.<\/span><\/p>\n<p>&nbsp;<\/p>\n<p><span style=\"color: #000000;\">[wpdatatable id=11 table_view=regular]<\/span>[\/vc_column_text][\/vc_column_inner][\/vc_row_inner][\/vc_column][\/vc_row][vc_row css=\u00a0\u00bb.vc_custom_1660748880722{margin-top: -70px !important;}\u00a0\u00bb][\/vc_row]<\/p>\n<\/div>","protected":false},"excerpt":{"rendered":"<p>[vc_row css=\u00a0\u00bb.vc_custom_1662385201860{margin-top: -80px !important;}\u00a0\u00bb][vc_column][vc_row_inner][vc_column_inner][vc_text_separator title=\u00a0\u00bbINSTRUMENTS INTERNATIONAUX DES DROITS DE L&rsquo;HOMME\u00a0\u00bb][\/vc_column_inner][\/vc_row_inner][vc_row_inner][vc_column_inner][vc_column_text]Les instruments internationaux des droits de l\u2019homme sont constitu\u00e9s de l\u2019ensemble des trait\u00e9s ratifi\u00e9s par les Etats membres de l\u2019ONU. Chacun de ces trait\u00e9s a cr\u00e9\u00e9 un comit\u00e9 d&rsquo;experts charg\u00e9 de surveiller l&rsquo;application des dispositions du trait\u00e9 par les \u00c9tats parties. Certains des trait\u00e9s sont compl\u00e9t\u00e9s [&hellip;]<\/p>\n","protected":false},"author":9,"featured_media":0,"parent":4509,"menu_order":0,"comment_status":"closed","ping_status":"closed","template":"","meta":{"give_campaign_id":0,"footnotes":""},"class_list":["post-4515","page","type-page","status-publish","hentry"],"campaignId":"","_links":{"self":[{"href":"https:\/\/recodh.org\/index.php\/wp-json\/wp\/v2\/pages\/4515","targetHints":{"allow":["GET"]}}],"collection":[{"href":"https:\/\/recodh.org\/index.php\/wp-json\/wp\/v2\/pages"}],"about":[{"href":"https:\/\/recodh.org\/index.php\/wp-json\/wp\/v2\/types\/page"}],"author":[{"embeddable":true,"href":"https:\/\/recodh.org\/index.php\/wp-json\/wp\/v2\/users\/9"}],"replies":[{"embeddable":true,"href":"https:\/\/recodh.org\/index.php\/wp-json\/wp\/v2\/comments?post=4515"}],"version-history":[{"count":0,"href":"https:\/\/recodh.org\/index.php\/wp-json\/wp\/v2\/pages\/4515\/revisions"}],"up":[{"embeddable":true,"href":"https:\/\/recodh.org\/index.php\/wp-json\/wp\/v2\/pages\/4509"}],"wp:attachment":[{"href":"https:\/\/recodh.org\/index.php\/wp-json\/wp\/v2\/media?parent=4515"}],"curies":[{"name":"wp","href":"https:\/\/api.w.org\/{rel}","templated":true}]}}