{"id":4180,"date":"2022-08-16T16:45:01","date_gmt":"2022-08-16T14:45:01","guid":{"rendered":"https:\/\/recodhorg.local\/?page_id=4180"},"modified":"2023-02-12T15:23:21","modified_gmt":"2023-02-12T14:23:21","slug":"qui-sommes-nous","status":"publish","type":"page","link":"https:\/\/recodh.org\/index.php\/a-propos\/coordination-nationale\/qui-sommes-nous\/","title":{"rendered":"Pr\u00e9sentation du RECODH"},"content":{"rendered":"<div class=\"wpb-content-wrapper\"><p>[vc_row css=\u00a0\u00bb.vc_custom_1660748880722{margin-top: -70px !important;}\u00a0\u00bb][vc_column][vc_column_text]<\/p>\n<h1><span style=\"color: #000000;\">Qui sommes-nous ?<\/span><\/h1>\n<p>Le R\u00e9seau Camerounais des Organisations des Droits de l\u2019homme (RECODH) est un r\u00e9seau associatif l\u00e9galis\u00e9, constitu\u00e9e d\u2019associations et de collectifs d\u2019associations travaillant pour la promotion et la protection des droits de l\u2019homme et de la gouvernance. Ses membres et sympathisants diss\u00e9min\u00e9s sur l\u2019ensemble du territoire\u00a0 national, travaillent pour un seul but : la culture des droits de l\u2019homme au Cameroun.<\/p>\n<p>Le RECODH est n\u00e9 d\u2019une recommandation du Programme National de Gouvernance de la R\u00e9publique du Cameroun pour la p\u00e9riode 2006-2010\u00a0 qui, dans sa composante \u00ab Am\u00e9lioration\u00a0 de la participation des citoyens et de la soci\u00e9t\u00e9 civile \u00e0 la gestion des affaires publiques \u00bb, a pr\u00e9vu un axe \u00ab\u00a0 Renforcement des capacit\u00e9s des ONG des droits humains \u00a0\u00bb, avec pour principale activit\u00e9 la cr\u00e9ation d\u2019un r\u00e9seau de coordination des ONG des droits humains. Cette recommandation a \u00e9t\u00e9 alors mise en oeuvre par la Commission des droits de l&rsquo;homme et des libert\u00e9s (CNDHL) avec le soutien fiancier du Programme des Nations Unies pour le D\u00e9veloppement (PNUD), qui dans ce sens avait consult\u00e9 diverses organisations des droits humains, aboutissant ainsi \u00e0 la convoction de l&rsquo;assembl\u00e9e constitutive le 6 Janvier 2010.<\/p>\n<p>Le RECODH est donc le r\u00e9sultat de la convergence d&rsquo;une triple volont\u00e9s: celle des pouvoirs publics, de la soci\u00e9t\u00e9 civile et des partenaires technique et financier (PTF).<\/p>\n<p>Le RECODH jouit d\u00e9sormais d\u2019un statut consultatif sp\u00e9cial aupr\u00e8s des Nations Unies.<\/p>\n<p>De m\u00eame, au niveau national, le Commission d\u2019accr\u00e9ditation des ONG du 30 Septembre 2022 a donn\u00e9 un avis favorable pour l\u2019accr\u00e9ditation du RECODH au statut d\u2019ONG. Le Ministre de l\u2019Administration Territoriale a confirm\u00e9 ce statut par Arr\u00eat\u00e9 N\u00b0000126\/A\/MINAT\/SG\/DAP\/SDLP\/SONG\/BA du 27 D\u00e9cembre 2022.[\/vc_column_text][vc_text_separator title=\u00a0\u00bbMISSIONS, BUTS ET OBJECTIFS\u00a0\u00bb i_icon_fontawesome=\u00a0\u00bbfas fa-bullseye\u00a0\u00bb add_icon=\u00a0\u00bbtrue\u00a0\u00bb css=\u00a0\u00bb.vc_custom_1660740925205{margin-bottom: 0px !important;border-bottom-width: 0px !important;}\u00a0\u00bb][vc_row_inner css=\u00a0\u00bb.vc_custom_1660761045463{background-color: #f4f5f9 !important;}\u00a0\u00bb][vc_column_inner][vc_column_text]<\/p>\n<ol>\n<li><strong>Objet du RECODH <\/strong><\/li>\n<\/ol>\n<p>L\u2019ONG RECODH a pour objet la contribution \u00e0 la culture des droits de l\u2019homme et \u00e0 la paix par la promotion et la protection des libert\u00e9s des citoyens, de la coh\u00e9sion sociale et de la gouvernance.<\/p>\n<ol start=\"2\">\n<li><strong>Mission<\/strong><\/li>\n<\/ol>\n<p>La mission de l\u2019ONG RECODH est de contribuer \u00e0 l\u2019\u00e9mergence d\u2019une soci\u00e9t\u00e9 civile r\u00e9solument engag\u00e9e dans la promotion et la protection du bien-\u00eatre des citoyens.<\/p>\n<ol start=\"3\">\n<li><strong>But<\/strong><\/li>\n<\/ol>\n<p>L\u2019ONG RECODH a pour but de servir de cadre d\u2019information, de communication, de r\u00e9flexion, d\u2019orientation, d\u2019\u00e9changes, d\u2019actions et de soutien mutuel entre les organisations de la soci\u00e9t\u00e9 civile \u0153uvrant dans le domaine de la promotion et de la d\u00e9fense des Droits de l\u2019Homme, pour la culture des droits de l\u2019homme au Cameroun.<\/p>\n<ol start=\"4\">\n<li><strong>Objectifs <\/strong><\/li>\n<\/ol>\n<p>Le RECODH a pour objectifs de :<\/p>\n<ul>\n<li>Renforcer les capacit\u00e9s des organisations de la soci\u00e9t\u00e9 civile \u0153uvrant dans le domaine des Droits de l\u2019Homme ;<\/li>\n<li>Mener des actions communes de plaidoyer et lobbying pour la ratification et la mise en \u0153uvre des instruments juridiques en faveur des Droits de l\u2019Homme et des libert\u00e9s fondamentales consacr\u00e9s par les instruments nationaux, r\u00e9gionaux et internationaux ;<\/li>\n<li>Informer, sensibiliser et \u00e9duquer les citoyens sur leurs droits et devoirs ;<\/li>\n<li>Assurer la protection et la d\u00e9fense des d\u00e9fenseurs des Droits de l\u2019Homme et des libert\u00e9s fondamentales consacr\u00e9s par les instruments nationaux, r\u00e9gionaux et internationaux ;<\/li>\n<li>Soutenir le plaidoyer et des actions pour l\u2019am\u00e9lioration des conditions des personnes vuln\u00e9rables \u00e0 l\u2019instar des femmes, des jeunes, des peuples autochtones, des personnes en d\u00e9tention, des personnes vivant avec le handicap et des personnes frapp\u00e9es par des pand\u00e9mies et autres maladies d\u00e9gradantes\u00a0;<\/li>\n<li>Contribuer \u00e0 l\u2019am\u00e9lioration de la qualit\u00e9 de vie par des initiatives de protection de l\u2019environnement et de lutte contre les changements climatiques\u00a0;<\/li>\n<li>Elaborer des rapports g\u00e9n\u00e9raux ou th\u00e9matiques sur la situation des Droits de l\u2019Homme au Cameroun;<\/li>\n<li>Mettre en place un observatoire citoyen des Droits de l\u2019Homme au Cameroun ;<\/li>\n<li>Collaborer avec les pouvoirs publics, les collectivit\u00e9s territoriales d\u00e9centralis\u00e9es et les organisations nationales, r\u00e9gionales et internationales pour la promotion et la protection des Droits de l\u2019Homme et des libert\u00e9s fondamentales au Cameroun.<\/li>\n<\/ul>\n<p>[\/vc_column_text][\/vc_column_inner][\/vc_row_inner][\/vc_column][\/vc_row]<\/p>\n<\/div>","protected":false},"excerpt":{"rendered":"<p>[vc_row css=\u00a0\u00bb.vc_custom_1660748880722{margin-top: -70px !important;}\u00a0\u00bb][vc_column][vc_column_text] Qui sommes-nous ? Le R\u00e9seau Camerounais des Organisations des Droits de l\u2019homme (RECODH) est un r\u00e9seau associatif l\u00e9galis\u00e9, constitu\u00e9e d\u2019associations et de collectifs d\u2019associations travaillant pour la promotion et la protection des droits de l\u2019homme et de la gouvernance. Ses membres et sympathisants diss\u00e9min\u00e9s sur l\u2019ensemble du territoire\u00a0 national, travaillent pour [&hellip;]<\/p>\n","protected":false},"author":9,"featured_media":4183,"parent":4400,"menu_order":0,"comment_status":"closed","ping_status":"closed","template":"","meta":{"give_campaign_id":0,"footnotes":""},"class_list":["post-4180","page","type-page","status-publish","has-post-thumbnail","hentry"],"campaignId":"","_links":{"self":[{"href":"https:\/\/recodh.org\/index.php\/wp-json\/wp\/v2\/pages\/4180","targetHints":{"allow":["GET"]}}],"collection":[{"href":"https:\/\/recodh.org\/index.php\/wp-json\/wp\/v2\/pages"}],"about":[{"href":"https:\/\/recodh.org\/index.php\/wp-json\/wp\/v2\/types\/page"}],"author":[{"embeddable":true,"href":"https:\/\/recodh.org\/index.php\/wp-json\/wp\/v2\/users\/9"}],"replies":[{"embeddable":true,"href":"https:\/\/recodh.org\/index.php\/wp-json\/wp\/v2\/comments?post=4180"}],"version-history":[{"count":3,"href":"https:\/\/recodh.org\/index.php\/wp-json\/wp\/v2\/pages\/4180\/revisions"}],"predecessor-version":[{"id":5042,"href":"https:\/\/recodh.org\/index.php\/wp-json\/wp\/v2\/pages\/4180\/revisions\/5042"}],"up":[{"embeddable":true,"href":"https:\/\/recodh.org\/index.php\/wp-json\/wp\/v2\/pages\/4400"}],"wp:featuredmedia":[{"embeddable":true,"href":"https:\/\/recodh.org\/index.php\/wp-json\/wp\/v2\/media\/4183"}],"wp:attachment":[{"href":"https:\/\/recodh.org\/index.php\/wp-json\/wp\/v2\/media?parent=4180"}],"curies":[{"name":"wp","href":"https:\/\/api.w.org\/{rel}","templated":true}]}}