{"id":36,"date":"2015-12-10T16:31:37","date_gmt":"2015-12-10T15:31:37","guid":{"rendered":"https:\/\/themesgavias.com\/wp\/kunco\/?page_id=36"},"modified":"2022-10-15T01:09:13","modified_gmt":"2022-10-14T23:09:13","slug":"home-1","status":"publish","type":"page","link":"https:\/\/recodh.org\/","title":{"rendered":"Home 1"},"content":{"rendered":"<div class=\"wpb-content-wrapper\"><p>[vc_row fullwidth=\u00a0\u00bb0&Prime; row_space=\u00a0\u00bbremove_padding\u00a0\u00bb isfullwidth=\u00a0\u00bb0&Prime;][vc_column]\n\t\t\t<!-- START slider 1 REVOLUTION SLIDER 6.7.21 --><p class=\"rs-p-wp-fix\"><\/p>\n\t\t\t<rs-module-wrap id=\"rev_slider_1_1_wrapper\" data-source=\"gallery\" style=\"visibility:hidden;background:transparent;padding:0;margin:0px auto;margin-top:0;margin-bottom:0;\">\n\t\t\t\t<rs-module id=\"rev_slider_1_1\" style=\"\" data-version=\"6.7.21\">\n\t\t\t\t\t<rs-slides style=\"overflow: hidden; position: absolute;\">\n\t\t\t\t\t\t<rs-slide style=\"position: absolute;\" data-key=\"rs-1\" data-title=\"Slide\" data-thumb=\"\/\/recodh.org\/wp-content\/uploads\/2022\/10\/african-child-1381553_1920-100x50.jpg\" data-anim=\"adpr:false;\" data-in=\"o:0;\" data-out=\"a:false;\">\n\t\t\t\t\t\t\t<img fetchpriority=\"high\" decoding=\"async\" src=\"\/\/recodh.org\/wp-content\/plugins\/revslider\/sr6\/assets\/assets\/dummy.png\" alt=\"\" title=\"african-child-1381553_1920\" width=\"1202\" height=\"800\" class=\"rev-slidebg tp-rs-img rs-lazyload\" data-lazyload=\"\/\/recodh.org\/wp-content\/uploads\/2022\/10\/african-child-1381553_1920.jpg\" data-panzoom=\"d:10000;ss:100;se:109;\" data-no-retina>\n<!--\n\t\t\t\t\t\t\t--><rs-layer\n\t\t\t\t\t\t\t\tid=\"slider-1-slide-1-layer-3\" \n\t\t\t\t\t\t\t\tdata-type=\"text\"\n\t\t\t\t\t\t\t\tdata-color=\"rgba(255, 255, 255, 1)\"\n\t\t\t\t\t\t\t\tdata-rsp_ch=\"on\"\n\t\t\t\t\t\t\t\tdata-xy=\"x:l,l,l,c;xo:11px,11px,10px,0;y:t,t,m,m;yo:268px,268px,-63px,-71px;\"\n\t\t\t\t\t\t\t\tdata-text=\"s:64,64,46,40;l:70,70,56,48;fw:600;a:left,left,left,center;\"\n\t\t\t\t\t\t\t\tdata-frame_0=\"y:50px;\"\n\t\t\t\t\t\t\t\tdata-frame_1=\"e:power2.inOut;st:260;sp:380;sR:260;\"\n\t\t\t\t\t\t\t\tdata-frame_999=\"y:-50px;o:0;e:nothing;st:w;sR:8360;\"\n\t\t\t\t\t\t\t\tstyle=\"z-index:8;font-family:'Poppins';\"\n\t\t\t\t\t\t\t>Des petits efforts <br> Pour de grands changements. \n\t\t\t\t\t\t\t<\/rs-layer><!--\n-->\t\t\t\t\t<\/rs-slide>\n\t\t\t\t\t\t<rs-slide style=\"position: absolute;\" data-key=\"rs-2\" data-title=\"Slide\" data-thumb=\"\/\/recodh.org\/wp-content\/uploads\/2022\/10\/children-of-uganda-2245270_1920-100x50.jpg\" data-anim=\"adpr:false;\" data-in=\"o:0;\" data-out=\"a:false;\">\n\t\t\t\t\t\t\t<img decoding=\"async\" src=\"\/\/recodh.org\/wp-content\/plugins\/revslider\/sr6\/assets\/assets\/dummy.png\" alt=\"\" title=\"children-of-uganda-2245270_1920\" width=\"1200\" height=\"800\" class=\"rev-slidebg tp-rs-img rs-lazyload\" data-lazyload=\"\/\/recodh.org\/wp-content\/uploads\/2022\/10\/children-of-uganda-2245270_1920.jpg\" data-panzoom=\"d:10000;ss:100;se:109;\" data-no-retina>\n<!--\n\t\t\t\t\t\t\t--><rs-layer\n\t\t\t\t\t\t\t\tid=\"slider-1-slide-2-layer-3\" \n\t\t\t\t\t\t\t\tdata-type=\"text\"\n\t\t\t\t\t\t\t\tdata-color=\"rgba(255, 255, 255, 1)\"\n\t\t\t\t\t\t\t\tdata-rsp_ch=\"on\"\n\t\t\t\t\t\t\t\tdata-xy=\"x:l,l,l,c;xo:9px,9px,9px,0;y:t,t,m,m;yo:290px,290px,-25px,-38px;\"\n\t\t\t\t\t\t\t\tdata-text=\"s:68,68,46,36;l:72,72,54,42;fw:600;a:left,left,left,center;\"\n\t\t\t\t\t\t\t\tdata-frame_0=\"y:50px;\"\n\t\t\t\t\t\t\t\tdata-frame_1=\"e:power2.inOut;st:260;sp:380;sR:260;\"\n\t\t\t\t\t\t\t\tdata-frame_999=\"y:-50px;o:0;e:nothing;st:w;sR:8360;\"\n\t\t\t\t\t\t\t\tstyle=\"z-index:5;font-family:'Poppins';\"\n\t\t\t\t\t\t\t>Promotion<br> Des Droits de L'Homme\n\t\t \n\t\t\t\t\t\t\t<\/rs-layer><!--\n\n\t\t\t\t\t\t\t--><rs-layer\n\t\t\t\t\t\t\t\tid=\"slider-1-slide-2-layer-4\" \n\t\t\t\t\t\t\t\tclass=\"slider-text-small\"\n\t\t\t\t\t\t\t\tdata-type=\"text\"\n\t\t\t\t\t\t\t\tdata-color=\"rgba(255, 255, 255, 1)\"\n\t\t\t\t\t\t\t\tdata-rsp_ch=\"on\"\n\t\t\t\t\t\t\t\tdata-xy=\"x:l,l,l,c;xo:10px,10px,10px,0;y:t,t,m,m;yo:445px,445px,45px,29px;\"\n\t\t\t\t\t\t\t\tdata-text=\"w:nowrap,nowrap,nowrap,normal;s:24,24,18,16;l:30,30,30,22;a:left,left,left,center;\"\n\t\t\t\t\t\t\t\tdata-dim=\"w:auto,auto,auto,300px;\"\n\t\t\t\t\t\t\t\tdata-frame_0=\"y:50px;\"\n\t\t\t\t\t\t\t\tdata-frame_1=\"e:power2.inOut;st:910;sp:420;sR:910;\"\n\t\t\t\t\t\t\t\tdata-frame_999=\"y:-50px;o:0;e:nothing;st:w;sR:7670;\"\n\t\t\t\t\t\t\t\tstyle=\"z-index:7;font-family:'Poppins';\"\n\t\t\t\t\t\t\t>\nAgissez pour l'am\u00e9lioration des conditions de vie des populations \n\t\t\t\t\t\t\t<\/rs-layer><!--\n\n\t\t\t\t\t\t\t--><rs-layer\n\t\t\t\t\t\t\t\tid=\"slider-1-slide-2-layer-6\" \n\t\t\t\t\t\t\t\tclass=\"rev-btn\"\n\t\t\t\t\t\t\t\tdata-type=\"button\"\n\t\t\t\t\t\t\t\tdata-color=\"rgba(255, 255, 255, 1)\"\n\t\t\t\t\t\t\t\tdata-xy=\"x:l,l,l,c;xo:10px,10px,10px,0;y:t,t,m,m;yo:501px,501px,86px,80px;\"\n\t\t\t\t\t\t\t\tdata-text=\"s:12;l:14;ls:1px;fw:600;\"\n\t\t\t\t\t\t\t\tdata-rsp_bd=\"off\"\n\t\t\t\t\t\t\t\tdata-padding=\"t:12,12,8,8;r:35,35,20,20;b:12,12,8,8;l:35,35,20,20;\"\n\t\t\t\t\t\t\t\tdata-frame_0=\"y:50px;\"\n\t\t\t\t\t\t\t\tdata-frame_1=\"e:power2.inOut;st:1330;sp:390;sR:1330;\"\n\t\t\t\t\t\t\t\tdata-frame_999=\"y:-50px;o:0;e:nothing;st:w;sR:7280;\"\n\t\t\t\t\t\t\t\tdata-frame_hover=\"c:#000;bgc:#fff;boc:#000;bor:0px,0px,0px,0px;bos:solid;oX:50;oY:50;sp:0;e:none;\"\n\t\t\t\t\t\t\t\tstyle=\"z-index:8;background-color:#fcc91b;font-family:'Poppins';text-transform:uppercase;cursor:pointer;outline:none;box-shadow:none;box-sizing:border-box;-moz-box-sizing:border-box;-webkit-box-sizing:border-box;\"\n\t\t\t\t\t\t\t>Read more \n\t\t\t\t\t\t\t<\/rs-layer><!--\n\n\t\t\t\t\t\t\t--><rs-layer\n\t\t\t\t\t\t\t\tid=\"slider-1-slide-2-layer-7\" \n\t\t\t\t\t\t\t\tclass=\"slider-text-small-2\"\n\t\t\t\t\t\t\t\tdata-type=\"text\"\n\t\t\t\t\t\t\t\tdata-color=\"#0a0202\"\n\t\t\t\t\t\t\t\tdata-rsp_ch=\"on\"\n\t\t\t\t\t\t\t\tdata-xy=\"x:l,l,l,c;xo:10px,10px,10px,0;y:t,t,m,m;yo:245px,245px,-98px,-103px;\"\n\t\t\t\t\t\t\t\tdata-text=\"s:14,14,14,12;l:22;fw:500;\"\n\t\t\t\t\t\t\t\tdata-padding=\"t:2;r:10;b:2;l:10;\"\n\t\t\t\t\t\t\t\tdata-frame_1=\"e:power2.inOut;st:540;sR:540;\"\n\t\t\t\t\t\t\t\tdata-frame_999=\"o:0;e:nothing;st:w;sR:8160;\"\n\t\t\t\t\t\t\t\tstyle=\"z-index:6;background-color:rgba(252,201,27,0.8);font-family:'Poppins';text-transform:uppercase;\"\n\t\t\t\t\t\t\t>Bienvenue \u00e0 recodh.org \n\t\t\t\t\t\t\t<\/rs-layer><!--\n-->\t\t\t\t\t<\/rs-slide>\n\t\t\t\t\t\t<rs-slide style=\"position: absolute;\" data-key=\"rs-3\" data-title=\"Slide\" data-thumb=\"\/\/recodh.org\/wp-content\/uploads\/2022\/08\/photo-scaled-100x50.jpg\" data-anim=\"adpr:false;\" data-in=\"o:0;\" data-out=\"a:false;\">\n\t\t\t\t\t\t\t<img decoding=\"async\" src=\"\/\/recodh.org\/wp-content\/plugins\/revslider\/sr6\/assets\/assets\/dummy.png\" alt=\"\" title=\"Close up of children in primary school south africa\" width=\"2560\" height=\"1920\" class=\"rev-slidebg tp-rs-img rs-lazyload\" data-lazyload=\"\/\/recodh.org\/wp-content\/uploads\/2022\/08\/photo-scaled.jpg\" data-panzoom=\"d:10000;ss:100;se:110;\" data-no-retina>\n<!--\n\t\t\t\t\t\t\t--><rs-layer\n\t\t\t\t\t\t\t\tid=\"slider-1-slide-3-layer-3\" \n\t\t\t\t\t\t\t\tdata-type=\"text\"\n\t\t\t\t\t\t\t\tdata-color=\"rgba(255, 255, 255, 1)\"\n\t\t\t\t\t\t\t\tdata-rsp_ch=\"on\"\n\t\t\t\t\t\t\t\tdata-xy=\"x:c;xo:-1px,-1px,0,0;y:t,t,m,m;yo:320px,320px,-33px,-40px;\"\n\t\t\t\t\t\t\t\tdata-text=\"s:60,60,39,32;l:64,64,48,46;fw:600;a:center;\"\n\t\t\t\t\t\t\t\tdata-frame_0=\"y:100%;\"\n\t\t\t\t\t\t\t\tdata-frame_0_mask=\"u:t;y:100%;\"\n\t\t\t\t\t\t\t\tdata-frame_1=\"e:power2.inOut;st:260;sp:2000;sR:260;\"\n\t\t\t\t\t\t\t\tdata-frame_1_mask=\"u:t;\"\n\t\t\t\t\t\t\t\tdata-frame_999=\"y:-50px;o:0;e:nothing;st:w;sR:6740;\"\n\t\t\t\t\t\t\t\tstyle=\"z-index:5;font-family:'Poppins';\"\n\t\t\t\t\t\t\t>Sensibilisation et Plaidoyer \n\t\t\t\t\t\t\t<\/rs-layer><!--\n\n\t\t\t\t\t\t\t--><rs-layer\n\t\t\t\t\t\t\t\tid=\"slider-1-slide-3-layer-4\" \n\t\t\t\t\t\t\t\tclass=\"slider-text-small\"\n\t\t\t\t\t\t\t\tdata-type=\"text\"\n\t\t\t\t\t\t\t\tdata-color=\"rgba(255, 255, 255, 1)\"\n\t\t\t\t\t\t\t\tdata-rsp_ch=\"on\"\n\t\t\t\t\t\t\t\tdata-xy=\"x:c;xo:1px;y:t,t,m,m;yo:391px,391px,24px,9px;\"\n\t\t\t\t\t\t\t\tdata-text=\"s:22,22,18,16;l:36,36,30,26;a:center;\"\n\t\t\t\t\t\t\t\tdata-frame_0=\"y:100%;\"\n\t\t\t\t\t\t\t\tdata-frame_0_mask=\"u:t;y:100%;\"\n\t\t\t\t\t\t\t\tdata-frame_1=\"e:power2.inOut;st:840;sp:2000;sR:840;\"\n\t\t\t\t\t\t\t\tdata-frame_1_mask=\"u:t;\"\n\t\t\t\t\t\t\t\tdata-frame_999=\"y:-50px;o:0;e:nothing;st:w;sR:6160;\"\n\t\t\t\t\t\t\t\tstyle=\"z-index:7;font-family:'Poppins';\"\n\t\t\t\t\t\t\t>Renforcement des capacit\u00e9s<br> des diff\u00e9rents acteurs \n\t\t\t\t\t\t\t<\/rs-layer><!--\n\n\t\t\t\t\t\t\t--><rs-layer\n\t\t\t\t\t\t\t\tid=\"slider-1-slide-3-layer-6\" \n\t\t\t\t\t\t\t\tclass=\"rev-btn\"\n\t\t\t\t\t\t\t\tdata-type=\"button\"\n\t\t\t\t\t\t\t\tdata-color=\"rgba(255, 255, 255, 1)\"\n\t\t\t\t\t\t\t\tdata-xy=\"x:c;xo:1px,1px,2px,0;y:t,t,m,m;yo:488px,488px,83px,72px;\"\n\t\t\t\t\t\t\t\tdata-text=\"s:12;l:14;ls:1px;fw:600;a:center;\"\n\t\t\t\t\t\t\t\tdata-rsp_bd=\"off\"\n\t\t\t\t\t\t\t\tdata-padding=\"t:12,12,8,8;r:35,35,20,20;b:12,12,8,8;l:35,35,20,20;\"\n\t\t\t\t\t\t\t\tdata-frame_0=\"y:100%;\"\n\t\t\t\t\t\t\t\tdata-frame_0_mask=\"u:t;y:100%;\"\n\t\t\t\t\t\t\t\tdata-frame_1=\"e:power2.inOut;st:1190;sp:2000;sR:1190;\"\n\t\t\t\t\t\t\t\tdata-frame_1_mask=\"u:t;\"\n\t\t\t\t\t\t\t\tdata-frame_999=\"y:-50px;o:0;e:nothing;st:w;sR:5810;\"\n\t\t\t\t\t\t\t\tdata-frame_hover=\"c:#000;bgc:#fff;boc:#000;bor:0px,0px,0px,0px;bos:solid;oX:50;oY:50;sp:0;e:none;\"\n\t\t\t\t\t\t\t\tstyle=\"z-index:8;background-color:#fcc91b;font-family:'Poppins';text-transform:uppercase;cursor:pointer;outline:none;box-shadow:none;box-sizing:border-box;-moz-box-sizing:border-box;-webkit-box-sizing:border-box;\"\n\t\t\t\t\t\t\t>Lire plus \n\t\t\t\t\t\t\t<\/rs-layer><!--\n\n\t\t\t\t\t\t\t--><rs-layer\n\t\t\t\t\t\t\t\tid=\"slider-1-slide-3-layer-7\" \n\t\t\t\t\t\t\t\tclass=\"slider-text-small-2\"\n\t\t\t\t\t\t\t\tdata-type=\"text\"\n\t\t\t\t\t\t\t\tdata-color=\"#0c0c0c\"\n\t\t\t\t\t\t\t\tdata-rsp_ch=\"on\"\n\t\t\t\t\t\t\t\tdata-xy=\"x:c;y:t,t,m,m;yo:280px,280px,-77px,-81px;\"\n\t\t\t\t\t\t\t\tdata-text=\"s:14,14,14,12;l:20;fw:500;\"\n\t\t\t\t\t\t\t\tdata-padding=\"t:2;r:10;b:2;l:10;\"\n\t\t\t\t\t\t\t\tdata-frame_1=\"e:power2.inOut;st:500;sp:2000;sR:500;\"\n\t\t\t\t\t\t\t\tdata-frame_999=\"o:0;e:nothing;st:w;sR:6500;\"\n\t\t\t\t\t\t\t\tstyle=\"z-index:6;background-color:#fcc91b;font-family:'Poppins';text-transform:uppercase;\"\n\t\t\t\t\t\t\t>R\u00e9seau Camerounais des Organisations des Droits de l'Homme \n\t\t\t\t\t\t\t<\/rs-layer><!--\n-->\t\t\t\t\t<\/rs-slide>\n\t\t\t\t\t<\/rs-slides>\n\t\t\t\t<\/rs-module>\n\t\t\t\t<script>\n\t\t\t\t\tsetREVStartSize({c: 'rev_slider_1_1',rl:[1240,1240,778,480],el:[600,600,500,400],gw:[1170,1170,778,480],gh:[600,600,500,400],type:'standard',justify:'',layout:'fullwidth',mh:\"0\"});if (window.RS_MODULES!==undefined && window.RS_MODULES.modules!==undefined && window.RS_MODULES.modules[\"revslider11\"]!==undefined) {window.RS_MODULES.modules[\"revslider11\"].once = false;window.revapi1 = undefined;if (window.RS_MODULES.checkMinimal!==undefined) window.RS_MODULES.checkMinimal()}\n\t\t\t\t<\/script>\n\t\t\t<\/rs-module-wrap>\n\t\t\t<!-- END REVOLUTION SLIDER -->\n[\/vc_column][\/vc_row][vc_row row_space=\u00a0\u00bbpadding-small\u00a0\u00bb custom_background=\u00a0\u00bbbg-theme-2&Prime;][vc_column][gva_call_to_action title=\u00a0\u00bbEnsemble, rendons le monde plus s\u00fbr !\u00a0\u00bb button_align=\u00a0\u00bbbutton-right\u00a0\u00bb link=\u00a0\u00bb#\u00a0\u00bb text_link=\u00a0\u00bbFaites un don\u00a0\u00bb]Participez \u00e0 la promotion des Droits de l&rsquo;Homme au Cameroun.[\/gva_call_to_action][\/vc_column][\/vc_row][vc_row equal_height=\u00a0\u00bbyes\u00a0\u00bb][vc_column offset=\u00a0\u00bbvc_col-lg-6 vc_col-md-6&Prime;][gva_box_video photo=\u00a0\u00bb3537&Prime;]https:\/\/www.youtube.com\/watch?v=cyQwKFiq8OQ[\/gva_box_video][\/vc_column][vc_column offset=\u00a0\u00bbvc_col-lg-6 vc_col-md-6&Prime; css=\u00a0\u00bb.vc_custom_1665578078460{padding-right: 15px !important;}\u00a0\u00bb][gva_block_heading title=\u00a0\u00bbPr\u00e9sentation du RECODH\u00a0\u00bb style=\u00a0\u00bbstyle-4&Prime; align=\u00a0\u00bbalign-left\u00a0\u00bb]<\/p>\n<div style=\"text-align: justify;\">Le R\u00e9seau Camerounais des Organisations des Droits de l\u2019homme (RECODH) est un r\u00e9seau associatif l\u00e9galis\u00e9, constitu\u00e9 d\u2019associations et de collectifs d\u2019associations travaillant pour la promotion et la protection des droits de l\u2019homme et de la gouvernance&#8230;<\/div>\n<p><!--div class=\"read-more\" style=\"text-align: right;\"><a class=\"btn-inline\" style=\"text-align: center;\" href=\"#\" target=\"_blank\" rel=\"noopener\">Lire plus<\/a><\/div-->\n<h4>Strat\u00e9gies et domaines d&rsquo;intervention<\/h4>\n<p style=\"text-align: left;\">Nos principaux axes d\u2019intervention :<\/p>\n<ol>\n<li style=\"text-align: left;\"><strong>la Sensibilisation<\/strong><\/li>\n<li style=\"text-align: left;\"><strong>le Renforcement des capacit\u00e9s<\/strong><\/li>\n<li style=\"text-align: left;\"><strong>le Plaidoyer et le Lobbying<\/strong><\/li>\n<\/ol>\n<div class=\"read-more\" style=\"text-align: right;\"><a class=\"btn-theme\" style=\"text-align: center;\" href=\"#\" target=\"_blank\" rel=\"noopener\">Lire plus<\/a><\/div>\n<p>[\/gva_block_heading][\/vc_column][\/vc_row][vc_row isfullwidth=\u00a0\u00bb\u00a0\u00bb css=\u00a0\u00bb.vc_custom_1665484758000{padding-bottom: 0px !important;background-color: #f4f5f9 !important;}\u00a0\u00bb][vc_column][gva_block_heading title=\u00a0\u00bbDerni\u00e8res Campagnes\u00a0\u00bb align=\u00a0\u00bbalign-left-2&Prime; class=\u00a0\u00bb\u00ab\u00a0btn-inline\u00ab\u00a0\u00a0\u00bb subtitle=\u00a0\u00bbCampagnes\u00a0\u00bb desc=\u00a0\u00bbAenean lacinia bibendum nulla sed consectetur. Integer posuere erat a ante venenatis dapibus posuere velit aliquet\u00a0\u00bb]<a class=\"btn-theme\" href=\"\/recodh\/index.php\/causes-grid\/\">Voir tout<\/a>[\/gva_block_heading][gva_give_grid per_page=\u00a0\u00bb3&Prime; items_lg=\u00a0\u00bb3&Prime; items_md=\u00a0\u00bb3&Prime; items_sm=\u00a0\u00bb2&Prime; items_xs=\u00a0\u00bb2&Prime;][\/vc_column][\/vc_row][vc_row][vc_column][gva_block_heading title=\u00a0\u00bbActivit\u00e9s marquantes\u00a0\u00bb style=\u00a0\u00bbstyle-2&Prime; align=\u00a0\u00bbalign-left-2&Prime; desc=\u00a0\u00bbAenean lacinia bibendum nulla sed consectetur. Integer posuere erat a ante venenatis dapibus posuere velit aliquet\u00a0\u00bb][\/gva_block_heading][gva_portfolio_slideset filter=\u00a0\u00bbtrue\u00a0\u00bb remove_padding=\u00a0\u00bb\u00a0\u00bb items_lg=\u00a0\u00bb3&Prime; items_md=\u00a0\u00bb3&Prime; items_sm=\u00a0\u00bb2&Prime; items_xs=\u00a0\u00bb1&Prime;][vc_column_text el_class=\u00a0\u00bbtext-center margin-bottom-0&Prime;]&nbsp;<\/p>\n<p><a class=\"btn-theme\" href=\"#\">Voir tout<\/a>[\/vc_column_text][\/vc_column][\/vc_row][vc_row parallax=\u00a0\u00bbcontent-moving\u00a0\u00bb parallax_image=\u00a0\u00bb2644&Prime; row_space=\u00a0\u00bbpadding-small\u00a0\u00bb][vc_column][gva_call_to_action title=\u00a0\u00bbD\u00e9couvrez la puissance d&rsquo;une communaut\u00e9 unie.\u00a0\u00bb button_align=\u00a0\u00bbbutton-center\u00a0\u00bb subtitle=\u00a0\u00bbWe are working hard to\u00a0\u00bb width=\u00a0\u00bb690px\u00a0\u00bb video=\u00a0\u00bbhttps:\/\/www.youtube.com\/watch?v=cyQwKFiq8OQ\u00a0\u00bb]Les associations et organisations membres du RECODH et les organisations de la soci\u00e9t\u00e9 civile agissent en synergie pour la promotion des Droits de l&rsquo;Homme au Cameroun.[\/gva_call_to_action][\/vc_column][\/vc_row][vc_row row_space=\u00a0\u00bbremove_padding_bottom\u00a0\u00bb][vc_column width=\u00a0\u00bb2\/3&Prime;][gva_blogs_carousel title=\u00a0\u00bbNos derni\u00e8res actualit\u00e9s\u00a0\u00bb items_lg=\u00a0\u00bb2&Prime; items_md=\u00a0\u00bb2&Prime; items_sm=\u00a0\u00bb1&Prime; items_xs=\u00a0\u00bb1&Prime; loop=\u00a0\u00bbsize:4|order_by:date|post_type:post\u00a0\u00bb][\/vc_column][vc_column width=\u00a0\u00bb1\/3&Prime;][gva_facebook_box title=\u00a0\u00bb\u00a0\u00bb page_url=\u00a0\u00bbhttps:\/\/web.facebook.com\/profile.php?id=100045809696702&Prime; width=\u00a0\u00bb370&Prime; height=\u00a0\u00bb450&Prime; show_stream=\u00a0\u00bb1&Prime;][\/vc_column][\/vc_row][vc_row custom_background=\u00a0\u00bbbg-center\u00a0\u00bb css=\u00a0\u00bb.vc_custom_1530520416036{background-image: url(https:\/\/recodhorg.local\/wp-content\/uploads\/2018\/07\/map.png?id=2956) !important;}\u00a0\u00bb][vc_column][gva_block_heading title=\u00a0\u00bbNOS PARTENAIRES\u00a0\u00bb style=\u00a0\u00bbstyle-3&Prime; desc=\u00a0\u00bbOur Partners Are From All Over The World.\u00a0\u00bb][\/gva_block_heading][gva_brands per_page=\u00a0\u00bb12&Prime; style=\u00a0\u00bbstyle-2&Prime; items_lg=\u00a0\u00bb5&Prime; items_md=\u00a0\u00bb4&Prime; items_sm=\u00a0\u00bb3&Prime; items_xs=\u00a0\u00bb2&Prime; ca_navigation=\u00a0\u00bb0&Prime; ca_pagination=\u00a0\u00bb0&Prime; columns=\u00a0\u00bb5&Prime;][\/vc_column][\/vc_row]<\/p>\n<\/div>","protected":false},"excerpt":{"rendered":"<p>[vc_row fullwidth=\u00a0\u00bb0&Prime; row_space=\u00a0\u00bbremove_padding\u00a0\u00bb isfullwidth=\u00a0\u00bb0&Prime;][vc_column][\/vc_column][\/vc_row][vc_row row_space=\u00a0\u00bbpadding-small\u00a0\u00bb custom_background=\u00a0\u00bbbg-theme-2&Prime;][vc_column][gva_call_to_action title=\u00a0\u00bbEnsemble, rendons le monde plus s\u00fbr !\u00a0\u00bb button_align=\u00a0\u00bbbutton-right\u00a0\u00bb link=\u00a0\u00bb#\u00a0\u00bb text_link=\u00a0\u00bbFaites un don\u00a0\u00bb]Participez \u00e0 la promotion des Droits de l&rsquo;Homme au Cameroun.[\/gva_call_to_action][\/vc_column][\/vc_row][vc_row equal_height=\u00a0\u00bbyes\u00a0\u00bb][vc_column offset=\u00a0\u00bbvc_col-lg-6 vc_col-md-6&Prime;][gva_box_video photo=\u00a0\u00bb3537&Prime;]https:\/\/www.youtube.com\/watch?v=cyQwKFiq8OQ[\/gva_box_video][\/vc_column][vc_column offset=\u00a0\u00bbvc_col-lg-6 vc_col-md-6&Prime; css=\u00a0\u00bb.vc_custom_1665578078460{padding-right: 15px !important;}\u00a0\u00bb][gva_block_heading title=\u00a0\u00bbPr\u00e9sentation du RECODH\u00a0\u00bb style=\u00a0\u00bbstyle-4&Prime; align=\u00a0\u00bbalign-left\u00a0\u00bb] Le R\u00e9seau Camerounais des Organisations des Droits de l\u2019homme (RECODH) est un r\u00e9seau associatif [&hellip;]<\/p>\n","protected":false},"author":9,"featured_media":0,"parent":0,"menu_order":0,"comment_status":"closed","ping_status":"closed","template":"","meta":{"give_campaign_id":0,"footnotes":""},"class_list":["post-36","page","type-page","status-publish","hentry"],"campaignId":"","_links":{"self":[{"href":"https:\/\/recodh.org\/index.php\/wp-json\/wp\/v2\/pages\/36","targetHints":{"allow":["GET"]}}],"collection":[{"href":"https:\/\/recodh.org\/index.php\/wp-json\/wp\/v2\/pages"}],"about":[{"href":"https:\/\/recodh.org\/index.php\/wp-json\/wp\/v2\/types\/page"}],"author":[{"embeddable":true,"href":"https:\/\/recodh.org\/index.php\/wp-json\/wp\/v2\/users\/9"}],"replies":[{"embeddable":true,"href":"https:\/\/recodh.org\/index.php\/wp-json\/wp\/v2\/comments?post=36"}],"version-history":[{"count":173,"href":"https:\/\/recodh.org\/index.php\/wp-json\/wp\/v2\/pages\/36\/revisions"}],"predecessor-version":[{"id":5019,"href":"https:\/\/recodh.org\/index.php\/wp-json\/wp\/v2\/pages\/36\/revisions\/5019"}],"wp:attachment":[{"href":"https:\/\/recodh.org\/index.php\/wp-json\/wp\/v2\/media?parent=36"}],"curies":[{"name":"wp","href":"https:\/\/api.w.org\/{rel}","templated":true}]}}